{"id":5675,"date":"2023-07-10T15:06:14","date_gmt":"2023-07-10T13:06:14","guid":{"rendered":"https:\/\/certoplast.com\/ueruenler\/kumas-bantlar\/"},"modified":"2025-04-07T11:22:26","modified_gmt":"2025-04-07T09:22:26","slug":"kumas-bantlar","status":"publish","type":"page","link":"https:\/\/certoplast.com\/tr\/ueruenler\/kumas-bantlar\/","title":{"rendered":"Kuma\u015f bantlar"},"content":{"rendered":"\r\n\t\t\t       \r\n            \r\n            <div class=\"hero hero-65cf6d0e full\">\r\n\t\t\t\t\t\t\t\t<div class=\"acf-innerblocks-container\">\n\r\n\t\t\t       \r\n                    \r\n            <div class=\"hero-slide hero-slide-7bce2ecd is-style-image\">\r\n\t\t\t\t<div class=\"hero-canvas\">\r\n\t\t\t\t\t<div class=\"hero-subheadline\">\u00dcr\u00fcnlerimiz<\/div>\t\t\t\t\t<h1 class=\"hero-headline\">Kuma\u015f bantlar<\/h1>\t\t\t\t<\/div>\r\n\t\t\t\t<div class=\"hero-media hero-media-image\"><img loading=\"lazy\" decoding=\"async\" width=\"1920\" height=\"519\" src=\"https:\/\/certoplast.com\/wp-content\/uploads\/certoplast-header-gewebebaender.jpg\" class=\"attachment-full size-full\" alt=\"\" srcset=\"https:\/\/certoplast.com\/wp-content\/uploads\/certoplast-header-gewebebaender.jpg 1920w, https:\/\/certoplast.com\/wp-content\/uploads\/certoplast-header-gewebebaender-300x81.jpg 300w, https:\/\/certoplast.com\/wp-content\/uploads\/certoplast-header-gewebebaender-1024x277.jpg 1024w, https:\/\/certoplast.com\/wp-content\/uploads\/certoplast-header-gewebebaender-768x208.jpg 768w, https:\/\/certoplast.com\/wp-content\/uploads\/certoplast-header-gewebebaender-1536x415.jpg 1536w, https:\/\/certoplast.com\/wp-content\/uploads\/certoplast-header-gewebebaender-800x216.jpg 800w\" sizes=\"auto, (max-width: 1920px) 100vw, 1920px\" \/><\/div>            <\/div>\r\n\t\t\t\t\r\n            \r\n\t\t\t\r\n        \r\n            \n<\/div>\r\n\t\t\t\t\t\t\t\t\r\n\t\t\t\t\t\t\t<\/div>\r\n\t\t\t\t\r\n\t\t\t\r\n\t\t\t        \r\n            <div class=\"gb-container gb-container-e4a6c0a8 gb-container-default\">\n<div class=\"gb-container gb-container-c7df1ec9\">\n\n<div class=\"wp-block-pixel-headline headlines is-subheadline-bottom has-text-align-left\"><h1 class=\"headline is-h1\" style=\"color:\"><strong>Kuma\u015f kemerlerimiz<\/strong><\/h1><\/div>\n\n\n<div class=\"gb-grid-wrapper gb-grid-wrapper-6a48ed2e\">\n<div class=\"gb-grid-column gb-grid-column-6eb6a587\"><div class=\"gb-container gb-container-6eb6a587\" data-aos=\"fade-right\" data-aos-delay=\"250\">\n\n<p>\u00c7ok \u00e7e\u015fitli uygulamalar i\u00e7in geni\u015f bir \u00f6zel kuma\u015f bant yelpazesi sunuyoruz. Ta\u015f\u0131y\u0131c\u0131 kuma\u015flar\u0131m\u0131z polyester, poliamid veya kar\u0131\u015f\u0131ml\u0131 kuma\u015flardan yap\u0131lm\u0131\u015ft\u0131r. Standart kuma\u015flar\u0131n yan\u0131 s\u0131ra velur ve di\u011fer \u00f6rme kuma\u015flar\u0131 da kullan\u0131yoruz. Bu ta\u015f\u0131y\u0131c\u0131lar, y\u00fcksek performansl\u0131 sentetik kau\u00e7uk ve UV akrilat yap\u0131\u015ft\u0131r\u0131c\u0131larla birlikte farkl\u0131 uygulamalar i\u00e7in geni\u015f bir \u00f6zellik yelpazesi sunar.   <\/p>\n\n<\/div><\/div>\n\n<div class=\"gb-grid-column gb-grid-column-f5784789\"><div class=\"gb-container gb-container-f5784789\" data-aos=\"fade-left\" data-aos-delay=\"250\">\n\n<p>\u00dcr\u00fcn portf\u00f6y\u00fc 150 \u00b0C&#8217;ye kadar s\u0131cakl\u0131k aral\u0131klar\u0131 (s\u00fcrekli y\u00fck) i\u00e7in bantlar i\u00e7erir. Solventler veya tuzlu su gibi ortamlara kar\u015f\u0131 diren\u00e7le karakterize edilen \u00fcr\u00fcnler sunuyoruz. Akrilat kaplamal\u0131 \u00fcr\u00fcnler daha y\u00fcksek dielektrik dayan\u0131m\u0131na ve mekanik stabiliteye sahiptir. Velur bantlar s\u00f6n\u00fcmleme \u00f6zellikleri, y\u00fcksek mekanik diren\u00e7 ve Velcro \u015feritlere tutturma se\u00e7ene\u011fi sunar.   <\/p>\n\n\n\n<p><strong>\u00dcr\u00fcnlerimizin \u00e7o\u011fu geni\u015f bir renk yelpazesinde mevcuttur.<\/strong><\/p>\n\n<\/div><\/div>\n<\/div>\n<\/div>\n<\/div><div class=\"gb-container gb-container-20a9d3f9 gb-container-gray\">\n<div class=\"gb-container gb-container-6350117c\" data-aos=\"fade-up\" data-aos-delay=\"250\">\n\n\t\t\t\t\t\t\n\t\t\t\n\n\t\t\t\t\t\t\t<div class=\"facet-wrapper\">\n\t\t\t\t\t<div class=\"facetwp-facet facetwp-facet-einsatzbereiche facetwp-type-dropdown\" data-name=\"einsatzbereiche\" data-type=\"dropdown\"><\/div><div class=\"facetwp-facet facetwp-facet-eigenschaften_tr facetwp-type-dropdown\" data-name=\"eigenschaften_tr\" data-type=\"dropdown\"><\/div><div class=\"facetwp-facet facetwp-facet-trgermaterial_tr facetwp-type-dropdown\" data-name=\"trgermaterial_tr\" data-type=\"dropdown\"><\/div><div class=\"facetwp-facet facetwp-facet-klebstoff_tr facetwp-type-dropdown\" data-name=\"klebstoff_tr\" data-type=\"dropdown\"><\/div><div class=\"facetwp-facet facetwp-facet-farbe_tr facetwp-type-dropdown\" data-name=\"farbe_tr\" data-type=\"dropdown\"><\/div><div class=\"facetwp-facet facetwp-facet-materialstrke facetwp-type-slider\" data-name=\"materialstrke\" data-type=\"slider\"><\/div><div class=\"facetwp-facet facetwp-facet-temperaturbereich facetwp-type-slider\" data-name=\"temperaturbereich\" data-type=\"slider\"><\/div>\t\t\t\t<\/div>\n\t\t\t\n            <div class=\"grid grid-c3295190 grid-product grid-columns-3\">\n\t\t\t\n\t\t\t\t\t\t\t\t\t\t\t\t\t\t\t\t\t<div class=\"grid-group grid-group-0\">\n\t\t\t\t\t\t\t\t\t\t\t\t<div class=\"grid-inner facetwp-template\">\n\t\t\t\t\t\t\t\t\t\t\t\t\t\t\t<div class=\"grid-item\">\n\t\t\t\t\t\t\t\t\t \n\t\t\t<div class=\"card card-product\">\n\t\t\t\t<div class=\"card-media\"><img loading=\"lazy\" decoding=\"async\" width=\"623\" height=\"264\" src=\"https:\/\/certoplast.com\/wp-content\/uploads\/514.jpg\" class=\"attachment-product_thumb size-product_thumb\" alt=\"\" srcset=\"https:\/\/certoplast.com\/wp-content\/uploads\/514.jpg 623w, https:\/\/certoplast.com\/wp-content\/uploads\/514-300x127.jpg 300w\" sizes=\"auto, (max-width: 623px) 100vw, 623px\" \/><\/div>\t\t\t\t<div class=\"card-content\">\n\t\t\t\t\t<div class=\"card-inner\">\n\t\t\t\t\t\t<h2 class=\"headline is-h2\">certoplast 514<\/h2><div class=\"card-copy\">certoplast 514 bas\u0131nca duyarl\u0131 yap\u0131\u015fkan bant tercihen otomotiv end\u00fcstrisinde kablo demetlerinin bantlanmas\u0131 i\u00e7in kullan\u0131l\u0131r. \u00d6zel olarak tasarlanm\u0131\u015f, p\u00fcr\u00fczs\u00fcz zeminli bant y\u00fczeyi, di\u011fer bir\u00e7ok bant malzemesine (\u00f6rn. PVC, suni ipek, PET diki\u015f ke\u00e7esi vb.) k\u0131yasla d\u0131\u015f mekanik gerilimlere (\u00f6rn. keskin kenarlar) kar\u015f\u0131 \u00e7ok iyi korunan, kir tutmayan ve kal\u0131c\u0131 olarak esnek bir kablo demeti \u00fcretir.  Y\u00fcksek s\u0131cakl\u0131k dayan\u0131m\u0131, son derece sa\u011flam ta\u015f\u0131y\u0131c\u0131 malzemesi ve m\u00fckemmel ortam direnci sayesinde certoplast 514 motor b\u00f6lmesinde de kullan\u0131labilir.  <\/div>\t\t\t\t\t<\/div>\n\n\t\t\t\t\t<div class=\"card-action\"><a class=\"gb-button\" href=\"https:\/\/certoplast.com\/tr\/produkt\/certoplast-514\/\">Daha fazla bilgi edinin<\/a><\/div>\t\t\t\t<\/div>\n\t\t\t<\/div>\n\t\t\t\t\t\t\t\t\t\t<\/div>\n\t\t\t\t\t\t\t\t\t\t\t\t\t\t\t<div class=\"grid-item\">\n\t\t\t\t\t\t\t\t\t \n\t\t\t<div class=\"card card-product\">\n\t\t\t\t<div class=\"card-media\"><img loading=\"lazy\" decoding=\"async\" width=\"623\" height=\"264\" src=\"https:\/\/certoplast.com\/wp-content\/uploads\/certoplast_produkte_516.jpg\" class=\"attachment-product_thumb size-product_thumb\" alt=\"\" srcset=\"https:\/\/certoplast.com\/wp-content\/uploads\/certoplast_produkte_516.jpg 623w, https:\/\/certoplast.com\/wp-content\/uploads\/certoplast_produkte_516-300x127.jpg 300w\" sizes=\"auto, (max-width: 623px) 100vw, 623px\" \/><\/div>\t\t\t\t<div class=\"card-content\">\n\t\t\t\t\t<div class=\"card-inner\">\n\t\t\t\t\t\t<h2 class=\"headline is-h2\">certoplast 516<\/h2><div class=\"card-copy\">certoplast 516 bas\u0131nca duyarl\u0131 yap\u0131\u015fkan bant tercihen otomotiv end\u00fcstrisinde kablo demetlerinin bantlanmas\u0131 i\u00e7in kullan\u0131l\u0131r.  \n\u00d6zel olarak tasarlanm\u0131\u015f, p\u00fcr\u00fczs\u00fcz zeminli bant y\u00fczeyi, di\u011fer bir\u00e7ok bant malzemesine (\u00f6rn. PVC, suni ipek, PET diki\u015f ke\u00e7esi vb.) k\u0131yasla d\u0131\u015f mekanik gerilimlere (\u00f6rn. keskin kenarlar) kar\u015f\u0131 \u00e7ok iyi korunan, kir tutmayan ve kal\u0131c\u0131 olarak esnek bir kablo demeti ile sonu\u00e7lan\u0131r. \u00c7ok y\u00fcksek s\u0131cakl\u0131k direnci, son derece sa\u011flam ta\u015f\u0131y\u0131c\u0131 malzeme ve m\u00fckemmel ortam direnci sayesinde certoplast 516 arac\u0131n her yerinde kullan\u0131labilir. <\/div>\t\t\t\t\t<\/div>\n\n\t\t\t\t\t<div class=\"card-action\"><a class=\"gb-button\" href=\"https:\/\/certoplast.com\/tr\/produkt\/certoplast-516\/\">Daha fazla bilgi edinin<\/a><\/div>\t\t\t\t<\/div>\n\t\t\t<\/div>\n\t\t\t\t\t\t\t\t\t\t<\/div>\n\t\t\t\t\t\t\t\t\t\t\t\t\t\t\t<div class=\"grid-item\">\n\t\t\t\t\t\t\t\t\t \n\t\t\t<div class=\"card card-product\">\n\t\t\t\t<div class=\"card-media\"><img loading=\"lazy\" decoding=\"async\" width=\"623\" height=\"264\" src=\"https:\/\/certoplast.com\/wp-content\/uploads\/518.jpg\" class=\"attachment-product_thumb size-product_thumb\" alt=\"\" srcset=\"https:\/\/certoplast.com\/wp-content\/uploads\/518.jpg 623w, https:\/\/certoplast.com\/wp-content\/uploads\/518-300x127.jpg 300w\" sizes=\"auto, (max-width: 623px) 100vw, 623px\" \/><\/div>\t\t\t\t<div class=\"card-content\">\n\t\t\t\t\t<div class=\"card-inner\">\n\t\t\t\t\t\t<h2 class=\"headline is-h2\">certoplast 518<\/h2><div class=\"card-copy\">&#8220;certoplast 518 tercihen otomotiv end\u00fcstrisinde kablo demetlerinin bantlanmas\u0131 i\u00e7in kullan\u0131l\u0131r ve elle y\u0131rt\u0131labilir. \nSon derece sa\u011flam ta\u015f\u0131y\u0131c\u0131 malzemenin aleve dayan\u0131kl\u0131l\u0131\u011f\u0131 ve m\u00fckemmel ortam direnci nedeniyle motor b\u00f6lmesinde kullan\u0131m i\u00e7in idealdir.&#8221;\n<\/div>\t\t\t\t\t<\/div>\n\n\t\t\t\t\t<div class=\"card-action\"><a class=\"gb-button\" href=\"https:\/\/certoplast.com\/tr\/produkt\/certoplast-518\/\">Daha fazla bilgi edinin<\/a><\/div>\t\t\t\t<\/div>\n\t\t\t<\/div>\n\t\t\t\t\t\t\t\t\t\t<\/div>\n\t\t\t\t\t\t\t\t\t\t\t\t\t\t\t<div class=\"grid-item\">\n\t\t\t\t\t\t\t\t\t \n\t\t\t<div class=\"card card-product\">\n\t\t\t\t<div class=\"card-media\"><img loading=\"lazy\" decoding=\"async\" width=\"623\" height=\"264\" src=\"https:\/\/certoplast.com\/wp-content\/uploads\/519.jpg\" class=\"attachment-product_thumb size-product_thumb\" alt=\"\" srcset=\"https:\/\/certoplast.com\/wp-content\/uploads\/519.jpg 623w, https:\/\/certoplast.com\/wp-content\/uploads\/519-300x127.jpg 300w\" sizes=\"auto, (max-width: 623px) 100vw, 623px\" \/><\/div>\t\t\t\t<div class=\"card-content\">\n\t\t\t\t\t<div class=\"card-inner\">\n\t\t\t\t\t\t<h2 class=\"headline is-h2\">certoplast 519<\/h2><div class=\"card-copy\">certoplast 519 tercihen otomotiv yap\u0131m\u0131nda hem t\u0131k\u0131rt\u0131 seslerinin \u00f6nlenmesinin hem de s\u00fcrt\u00fcnmeye kar\u015f\u0131 koruman\u0131n \u00f6nemli oldu\u011fu noktalarda kablo demetlerinin bantlanmas\u0131 i\u00e7in kullan\u0131l\u0131r.<\/div>\t\t\t\t\t<\/div>\n\n\t\t\t\t\t<div class=\"card-action\"><a class=\"gb-button\" href=\"https:\/\/certoplast.com\/tr\/produkt\/certoplast-519\/\">Daha fazla bilgi edinin<\/a><\/div>\t\t\t\t<\/div>\n\t\t\t<\/div>\n\t\t\t\t\t\t\t\t\t\t<\/div>\n\t\t\t\t\t\t\t\t\t\t\t\t\t\t\t<div class=\"grid-item\">\n\t\t\t\t\t\t\t\t\t \n\t\t\t<div class=\"card card-product\">\n\t\t\t\t<div class=\"card-media\"><img loading=\"lazy\" decoding=\"async\" width=\"623\" height=\"264\" src=\"https:\/\/certoplast.com\/wp-content\/uploads\/523.jpg\" class=\"attachment-product_thumb size-product_thumb\" alt=\"\" srcset=\"https:\/\/certoplast.com\/wp-content\/uploads\/523.jpg 623w, https:\/\/certoplast.com\/wp-content\/uploads\/523-300x127.jpg 300w\" sizes=\"auto, (max-width: 623px) 100vw, 623px\" \/><\/div>\t\t\t\t<div class=\"card-content\">\n\t\t\t\t\t<div class=\"card-inner\">\n\t\t\t\t\t\t<h2 class=\"headline is-h2\">certoplast 523<\/h2><div class=\"card-copy\">certoplast 523 tercihen otomotiv end\u00fcstrisinde kablo demetlerinin bantlanmas\u0131 i\u00e7in kullan\u0131l\u0131r. Son derece sa\u011flam ta\u015f\u0131y\u0131c\u0131 malzemesi ve ortam ve s\u0131cakl\u0131klara kar\u015f\u0131 direnci sayesinde motor b\u00f6lmesinde kullan\u0131m i\u00e7in idealdir. <\/div>\t\t\t\t\t<\/div>\n\n\t\t\t\t\t<div class=\"card-action\"><a class=\"gb-button\" href=\"https:\/\/certoplast.com\/tr\/produkt\/certoplast-523\/\">Daha fazla bilgi edinin<\/a><\/div>\t\t\t\t<\/div>\n\t\t\t<\/div>\n\t\t\t\t\t\t\t\t\t\t<\/div>\n\t\t\t\t\t\t\t\t\t\t\t\t\t\t\t<div class=\"grid-item\">\n\t\t\t\t\t\t\t\t\t \n\t\t\t<div class=\"card card-product\">\n\t\t\t\t<div class=\"card-media\"><img loading=\"lazy\" decoding=\"async\" width=\"623\" height=\"264\" src=\"https:\/\/certoplast.com\/wp-content\/uploads\/certoplast_produkte_524.jpg\" class=\"attachment-product_thumb size-product_thumb\" alt=\"\" srcset=\"https:\/\/certoplast.com\/wp-content\/uploads\/certoplast_produkte_524.jpg 623w, https:\/\/certoplast.com\/wp-content\/uploads\/certoplast_produkte_524-300x127.jpg 300w\" sizes=\"auto, (max-width: 623px) 100vw, 623px\" \/><\/div>\t\t\t\t<div class=\"card-content\">\n\t\t\t\t\t<div class=\"card-inner\">\n\t\t\t\t\t\t<h2 class=\"headline is-h2\">certoplast 524<\/h2><div class=\"card-copy\">certoplast 524, otomotiv end\u00fcstrisinde kablo demetlerinde kullan\u0131lmak \u00fczere geli\u015ftirilmi\u015ftir. LV 312-1 uyar\u0131nca y\u00fcksek dielektrik dayan\u0131m\u0131 sayesinde yap\u0131\u015fkan bant \u00f6zellikle kaynak noktalar\u0131n\u0131n yal\u0131t\u0131m\u0131 i\u00e7in uygundur.\n<\/div>\t\t\t\t\t<\/div>\n\n\t\t\t\t\t<div class=\"card-action\"><a class=\"gb-button\" href=\"https:\/\/certoplast.com\/tr\/produkt\/certoplast-524\/\">Daha fazla bilgi edinin<\/a><\/div>\t\t\t\t<\/div>\n\t\t\t<\/div>\n\t\t\t\t\t\t\t\t\t\t<\/div>\n\t\t\t\t\t\t\t\t\t\t\t\t\t\t\t<div class=\"grid-item\">\n\t\t\t\t\t\t\t\t\t \n\t\t\t<div class=\"card card-product\">\n\t\t\t\t<div class=\"card-media\"><img loading=\"lazy\" decoding=\"async\" width=\"623\" height=\"264\" src=\"https:\/\/certoplast.com\/wp-content\/uploads\/certoplast_produkte_525.jpg\" class=\"attachment-product_thumb size-product_thumb\" alt=\"\" srcset=\"https:\/\/certoplast.com\/wp-content\/uploads\/certoplast_produkte_525.jpg 623w, https:\/\/certoplast.com\/wp-content\/uploads\/certoplast_produkte_525-300x127.jpg 300w\" sizes=\"auto, (max-width: 623px) 100vw, 623px\" \/><\/div>\t\t\t\t<div class=\"card-content\">\n\t\t\t\t\t<div class=\"card-inner\">\n\t\t\t\t\t\t<h2 class=\"headline is-h2\">certoplast 525<\/h2><div class=\"card-copy\">certoplast 525 (SE) tercihen otomotiv end\u00fcstrisinde kablo demetlerini bantlamak i\u00e7in kullan\u0131l\u0131r.  \nSon derece sa\u011flam ta\u015f\u0131y\u0131c\u0131 malzemenin alev direnci ve m\u00fckemmel ortam direnci, onu motor b\u00f6lmesinde kullan\u0131m i\u00e7in ideal hale getirir.<\/div>\t\t\t\t\t<\/div>\n\n\t\t\t\t\t<div class=\"card-action\"><a class=\"gb-button\" href=\"https:\/\/certoplast.com\/tr\/produkt\/certoplast-525\/\">Daha fazla bilgi edinin<\/a><\/div>\t\t\t\t<\/div>\n\t\t\t<\/div>\n\t\t\t\t\t\t\t\t\t\t<\/div>\n\t\t\t\t\t\t\t\t\t\t\t\t\t\t\t<div class=\"grid-item\">\n\t\t\t\t\t\t\t\t\t \n\t\t\t<div class=\"card card-product\">\n\t\t\t\t<div class=\"card-media\"><img loading=\"lazy\" decoding=\"async\" width=\"623\" height=\"264\" src=\"https:\/\/certoplast.com\/wp-content\/uploads\/certoplast_produkte_525.jpg\" class=\"attachment-product_thumb size-product_thumb\" alt=\"\" srcset=\"https:\/\/certoplast.com\/wp-content\/uploads\/certoplast_produkte_525.jpg 623w, https:\/\/certoplast.com\/wp-content\/uploads\/certoplast_produkte_525-300x127.jpg 300w\" sizes=\"auto, (max-width: 623px) 100vw, 623px\" \/><\/div>\t\t\t\t<div class=\"card-content\">\n\t\t\t\t\t<div class=\"card-inner\">\n\t\t\t\t\t\t<h2 class=\"headline is-h2\">certoplast 526<\/h2><div class=\"card-copy\">certoplast 526 tercihen otomotiv end\u00fcstrisinde kablo demetlerinin bantlanmas\u0131 i\u00e7in kullan\u0131l\u0131r. Son derece sa\u011flam ta\u015f\u0131y\u0131c\u0131 malzemenin alev direnci ve m\u00fckemmel ortam direnci nedeniyle, motor b\u00f6lmesinde kullan\u0131m i\u00e7in idealdir. \n<\/div>\t\t\t\t\t<\/div>\n\n\t\t\t\t\t<div class=\"card-action\"><a class=\"gb-button\" href=\"https:\/\/certoplast.com\/tr\/produkt\/certoplast-526\/\">Daha fazla bilgi edinin<\/a><\/div>\t\t\t\t<\/div>\n\t\t\t<\/div>\n\t\t\t\t\t\t\t\t\t\t<\/div>\n\t\t\t\t\t\t\t\t\t\t\t\t\t\t\t<div class=\"grid-item\">\n\t\t\t\t\t\t\t\t\t \n\t\t\t<div class=\"card card-product\">\n\t\t\t\t<div class=\"card-media\"><img loading=\"lazy\" decoding=\"async\" width=\"623\" height=\"264\" src=\"https:\/\/certoplast.com\/wp-content\/uploads\/certoplast_produkte_527.jpg\" class=\"attachment-product_thumb size-product_thumb\" alt=\"\" srcset=\"https:\/\/certoplast.com\/wp-content\/uploads\/certoplast_produkte_527.jpg 623w, https:\/\/certoplast.com\/wp-content\/uploads\/certoplast_produkte_527-300x127.jpg 300w\" sizes=\"auto, (max-width: 623px) 100vw, 623px\" \/><\/div>\t\t\t\t<div class=\"card-content\">\n\t\t\t\t\t<div class=\"card-inner\">\n\t\t\t\t\t\t<h2 class=\"headline is-h2\">certoplast 527<\/h2><div class=\"card-copy\">certoplast 527, otomotiv end\u00fcstrisinde kablo demetlerinde kullan\u0131lmak \u00fczere geli\u015ftirilmi\u015ftir.\n  LV 312-1 uyar\u0131nca y\u00fcksek dielektrik dayan\u0131m\u0131 sayesinde yap\u0131\u015fkan bant \u00f6zellikle kaynak noktalar\u0131n\u0131n yal\u0131t\u0131m\u0131 i\u00e7in uygundur.\n<\/div>\t\t\t\t\t<\/div>\n\n\t\t\t\t\t<div class=\"card-action\"><a class=\"gb-button\" href=\"https:\/\/certoplast.com\/tr\/produkt\/certoplast-527\/\">Daha fazla bilgi edinin<\/a><\/div>\t\t\t\t<\/div>\n\t\t\t<\/div>\n\t\t\t\t\t\t\t\t\t\t<\/div>\n\t\t\t\t\t\t\t\t\t\t\t\t\t\t\t<div class=\"grid-item\">\n\t\t\t\t\t\t\t\t\t \n\t\t\t<div class=\"card card-product\">\n\t\t\t\t<div class=\"card-media\"><img loading=\"lazy\" decoding=\"async\" width=\"623\" height=\"264\" src=\"https:\/\/certoplast.com\/wp-content\/uploads\/529.jpg\" class=\"attachment-product_thumb size-product_thumb\" alt=\"\" srcset=\"https:\/\/certoplast.com\/wp-content\/uploads\/529.jpg 623w, https:\/\/certoplast.com\/wp-content\/uploads\/529-300x127.jpg 300w\" sizes=\"auto, (max-width: 623px) 100vw, 623px\" \/><\/div>\t\t\t\t<div class=\"card-content\">\n\t\t\t\t\t<div class=\"card-inner\">\n\t\t\t\t\t\t<h2 class=\"headline is-h2\">certoplast 529<\/h2><div class=\"card-copy\">certoplast 529 tercihen otomotiv end\u00fcstrisinde kablo demetlerinin bantlanmas\u0131 i\u00e7in kullan\u0131l\u0131r. A\u015f\u0131nmaya kar\u015f\u0131 koruma ve g\u00fcr\u00fclt\u00fc s\u00f6n\u00fcmleme a\u00e7\u0131s\u0131ndan m\u00fckemmel \u00f6zellikleri sayesinde certoplast 529, otomotiv yap\u0131m\u0131nda hem t\u0131k\u0131rt\u0131 seslerinin \u00f6nlenmesinin hem de s\u00fcrt\u00fcnmeye kar\u015f\u0131 koruman\u0131n \u00f6nemli oldu\u011fu yerlerde kullan\u0131labilir. Sa\u011flam destek malzemesi ve iyi s\u0131cakl\u0131k direnci sayesinde certoplast 529, motor b\u00f6lmesindeki uygulamalar i\u00e7in \u00e7ok uygundur.  \n<\/div>\t\t\t\t\t<\/div>\n\n\t\t\t\t\t<div class=\"card-action\"><a class=\"gb-button\" href=\"https:\/\/certoplast.com\/tr\/produkt\/certoplast-529\/\">Daha fazla bilgi edinin<\/a><\/div>\t\t\t\t<\/div>\n\t\t\t<\/div>\n\t\t\t\t\t\t\t\t\t\t<\/div>\n\t\t\t\t\t\t\t\t\t\t\t\t\t\t\t<div class=\"grid-item\">\n\t\t\t\t\t\t\t\t\t \n\t\t\t<div class=\"card card-product\">\n\t\t\t\t<div class=\"card-media\"><img loading=\"lazy\" decoding=\"async\" width=\"623\" height=\"264\" src=\"https:\/\/certoplast.com\/wp-content\/uploads\/certoplast_produkte_581N.jpg\" class=\"attachment-product_thumb size-product_thumb\" alt=\"\" srcset=\"https:\/\/certoplast.com\/wp-content\/uploads\/certoplast_produkte_581N.jpg 623w, https:\/\/certoplast.com\/wp-content\/uploads\/certoplast_produkte_581N-300x127.jpg 300w\" sizes=\"auto, (max-width: 623px) 100vw, 623px\" \/><\/div>\t\t\t\t<div class=\"card-content\">\n\t\t\t\t\t<div class=\"card-inner\">\n\t\t\t\t\t\t<h2 class=\"headline is-h2\">certoplast 581N<\/h2><div class=\"card-copy\">certoplast 581N tercihen otomotiv end\u00fcstrisinde kablo demetlerinin korunmas\u0131 i\u00e7in kullan\u0131l\u0131r. Son derece sa\u011flam ta\u015f\u0131y\u0131c\u0131 malzeme sayesinde, \u00e7ok y\u00fcksek d\u00fczeyde a\u015f\u0131nma korumas\u0131n\u0131n gerekli oldu\u011fu uygulamalar i\u00e7in idealdir. \u0130yi s\u0131cakl\u0131k ve kimyasal direnci sayesinde certoplast 581N, motor b\u00f6lmesindeki uygulamalar i\u00e7in \u00e7ok uygundur.  \n  Laminatlar gibi di\u011fer \u00e7\u00f6z\u00fcmlere k\u0131yasla d\u00fc\u015f\u00fck \u015ferit kal\u0131nl\u0131\u011f\u0131, kurulum alan\u0131n\u0131 optimize etme a\u00e7\u0131s\u0131ndan ba\u015fka bir avantaj sunar.<\/div>\t\t\t\t\t<\/div>\n\n\t\t\t\t\t<div class=\"card-action\"><a class=\"gb-button\" href=\"https:\/\/certoplast.com\/tr\/produkt\/certoplast-581n\/\">Daha fazla bilgi edinin<\/a><\/div>\t\t\t\t<\/div>\n\t\t\t<\/div>\n\t\t\t\t\t\t\t\t\t\t<\/div>\n\t\t\t\t\t\t\t\t\t\t\t\t\t<\/div>\n\t\t\t\t\t<\/div>\n\t\t\t\t            <\/div>\n\t\t\t\n\t\t\t\t\t\t\t\n\t\t\t\n            <!-- end:grid -->\n        \n            \n<\/div>\n<\/div>","protected":false},"excerpt":{"rendered":"","protected":false},"author":1,"featured_media":0,"parent":5665,"menu_order":1,"comment_status":"closed","ping_status":"closed","template":"","meta":{"_acf_changed":false,"inline_featured_image":false,"footnotes":""},"class_list":["post-5675","page","type-page","status-publish"],"acf":[],"_links":{"self":[{"href":"https:\/\/certoplast.com\/tr\/wp-json\/wp\/v2\/pages\/5675","targetHints":{"allow":["GET"]}}],"collection":[{"href":"https:\/\/certoplast.com\/tr\/wp-json\/wp\/v2\/pages"}],"about":[{"href":"https:\/\/certoplast.com\/tr\/wp-json\/wp\/v2\/types\/page"}],"author":[{"embeddable":true,"href":"https:\/\/certoplast.com\/tr\/wp-json\/wp\/v2\/users\/1"}],"replies":[{"embeddable":true,"href":"https:\/\/certoplast.com\/tr\/wp-json\/wp\/v2\/comments?post=5675"}],"version-history":[{"count":1,"href":"https:\/\/certoplast.com\/tr\/wp-json\/wp\/v2\/pages\/5675\/revisions"}],"predecessor-version":[{"id":5676,"href":"https:\/\/certoplast.com\/tr\/wp-json\/wp\/v2\/pages\/5675\/revisions\/5676"}],"up":[{"embeddable":true,"href":"https:\/\/certoplast.com\/tr\/wp-json\/wp\/v2\/pages\/5665"}],"wp:attachment":[{"href":"https:\/\/certoplast.com\/tr\/wp-json\/wp\/v2\/media?parent=5675"}],"curies":[{"name":"wp","href":"https:\/\/api.w.org\/{rel}","templated":true}]}}